{"id":56,"date":"2025-05-02T01:42:38","date_gmt":"2025-05-02T01:42:38","guid":{"rendered":"https:\/\/dfamanecer.com.py\/dfsoluciones\/home\/"},"modified":"2025-11-23T04:18:10","modified_gmt":"2025-11-23T04:18:10","slug":"home","status":"publish","type":"page","link":"https:\/\/dfamanecer.com.py\/dfsoluciones\/","title":{"rendered":"Inicio"},"content":{"rendered":"\n\n\nINFORMATIZACI\u00d3N COMERCIAL Y PRESENCIA DIGITAL\nTome Control de sus finanzas contando con las herramientas necesarias eh Imprescindibles para su negocio.\nHoy podes recabar la informaci\u00f3n necesaria para un mejor control de tus productos y la rentabilidad de los mismos con los servicios que estas brindando a tus clientes.\n\n\n\n\n\n<span style=\"color: var(--pagelayer-color-text);\">La facturaci\u00f3n es una de las operaciones mas importante para tu empresa.<\/span><div><span style=\"color: var(--pagelayer-color-text);\">Un Sistema permite agilizar el manejo y control de las transacciones de su empresa y obtener informaci\u00f3n fehaciente de la rentabilidad de todo el desempe\u00f1o mensual, trimestral, anual.<\/span><\/div>\n01\n\n\n\n<span style=\"color: var(--pagelayer-color-text);\">Una pagina web es imprescindible para la Imagen Profesional de tu empresa.<\/span><div><span style=\"color: var(--pagelayer-color-text);\">Tu Carta de Presentaci\u00f3n donde tus clientes van a conocer todo lo que les brinda tu empresa.<\/span><\/div><div><span style=\"color: var(--pagelayer-color-text);\">Con la cual generas seguridad y confianza.<\/span><\/div><div><span style=\"color: var(--pagelayer-color-text);\">Una Tienda Online es una herramienta para realizar ventas online, facilitando la transacci\u00f3n entre tus clientes y tu empresa Abierta 24\/7 en la web.<\/span><\/div>\n02\n\n\n\n<span style=\"color: var(--pagelayer-color-text);\">Es un proceso Creativo que busca construir una Identidad visual \u00fanica y distintiva para tu empresa que te diferencia de la competencia.<\/span><div><span style=\"color: var(--pagelayer-color-text);\">Tu LOGO pasa a ocupar un espacio en la mente de tu cliente y potenciales clientes.<\/span><\/div><div><span style=\"color: var(--pagelayer-color-text);\">Te da posicionamiento,&nbsp; confianza&#8230;<\/span><\/div>\n03\n\n\n\n\n\n\n\nTIENDA ONLINE\n\n<p style=\"text-align: center;\"><span style=\"color: rgb(89, 89, 89);\">Todo lo que necesitas para Emprender<\/span><\/p>\n<p style=\"text-align: center;\"><span style=\"color: rgb(89, 89, 89);\">y&nbsp;<\/span><span style=\"color: rgb(89, 89, 89);\">Potenciar tu Empresa en un solo lugar.<\/span><\/p>\n\n\n\n\n\n\n\n\n\n\n\n\n<span style=\"color: #f7f7f7; text-transform: capitalize;\">clientes Satisfechos<\/span>\n\n\n\n\n\n\n\n\n<span style=\"color: rgb(17, 17, 17); font-family: Roboto, sans-serif; font-size: 24px; font-weight: 400; text-transform: none; white-space-collapse: preserve; background-color: rgb(247, 247, 247);\">Sobre nuestra empresa<\/span>\n<span style=\"color: rgb(22, 56, 56); font-family: &quot;DM Sans&quot;; font-size: 16px; font-weight: 500; letter-spacing: normal; text-transform: capitalize;\">Potenciando el crecimiento financiero con experiencia e Innovaci\u00f3n<\/span>\n<span style=\"color: rgb(22, 56, 56); text-transform: capitalize;\">En DF SOLUCIONES, estamos comprometidos a ayudar El crecimiento Empresarial y Profesional de personas civiles y comercios dentro del territorio paraguayo. A lograr el \u00c9xito financiero a Trav\u00e9s de las herramientas Inform\u00e1ticas que les brindamos para obtener dator relevantes para la toma de decisiones estrategias inteligentes y soluciones para innovar su empresa. Nuestra experiencia le permite tomar Decisiones informadas, asegurar su futuro y hacer crecer su patrimonio con confianza y seguridad.<\/span>\n\n\n\nPresencia Digital\nPlanificaci\u00f3n Estrat\u00e9gica\nGestion Controlada\n\n\n\n\nEquipo Profesional\nfiable\nCrecimiento Financiero\n\n\n\n\n\nDiana Fern\u00e1ndez\nFundadora\n\n\n\n\n\n\n\n\n\nEstrategIA FINANCIERA\nEmpodere su futuro con estrategias financieras inteligentes\n\n\n\n\n\n\n\n\n\n\n\n\n\n\n\n\n\n\nPlan Estrat\u00e9gico\n\n\n\n\n\nSistema de Facturaci\u00f3n y Control de Stock para la Gesti\u00f3n Interna de la Empresa\n\n\n\n\n\n\n\n\nDise\u00f1o de Logo y Construcci\u00f3n de Marca para el Posicionamiento en el mercado y la mente de la gente\n\n\n\n\n\n\n\n\nDise\u00f1o y Creaci\u00f3n de paginas web con ecommerce para elevar su negocio al siguiente nivel exponiendo todos sus productos y servicios. Ventas en Cualquier momento y sin importar que su local se encuentre cerrado.\n\n\n\n\n\n\n\n\n\n\nasesoramiento personalizado\nservicios Brindados para impulsar el progreso empresarial&nbsp;\n\n\nMensajer\u00eda Masiva\n1\n\n\nMailing y Sms\nCon el SMS podr\u00e1s aumentar la efectividad de tus campa\u00f1as de marketing digital de forma sencilla.&nbsp;<span style=\"color: rgb(121, 121, 121); font-family: &quot;DM Sans&quot;; font-size: 16px; font-weight: 500;\">El alcance SMS es casi del 100% adem\u00e1s de poder enriquecerla con un enlace a tu sitio web o redes sociales.<\/span>\n\n\n\n\n\n\nPublicidad\n2\n\n\nDise\u00f1o Grafico Digital\nTodo tipo de dise\u00f1o grafico digital para publicidad en redes sociales y mas.\n\n\n\n\n\n\nControl optimo\n3\n\n\nInventario Tercerizado\nHacemos inventario con un equipo tercerizado y con el suyo, para el control de su Stock.\n<p>Con la compra del Sistema de Facturaci\u00f3n le hacemos un descuento y le brindamos este servicio con la carga de los art\u00edculos y servicios de su empresa.<\/p>\n\n\n\n\n\n\nservicio T\u00e9cnico\n4\n\n\nCuidado de sus Equipos\nMantenimiento Preventivo y correctivo, reparaci\u00f3n y acondicionamiento de equipos inform\u00e1ticos.\n<p>Venta de Equipos Inform\u00e1ticos (Tambi\u00e9n le armamos&nbsp; y configuramos sobre pedido)<\/p>\n\n\n\n\n\n\ntestimonios\n\u00a1COMENTARIO DE NUESTROS CLIENTES!\n\u00a1Los an\u00e9cdotas de nuestros clientes hablan por si solas! Buenas experiencias usando nuestros productos y servicios recibidos. Siempre con Garant\u00edas.\n\n\n\n\n\u00abSistema Eficiente.\u00bb\n<span style=\"color: var(--pagelayer-color-text);\">Business<\/span>\n\n\n\n\n\n\n\u00abSitio Web innovador.\u00bb\n<span style=\"color: var(--pagelayer-color-text);\">Investor<\/span>\n\n\n\n\n\n<h2><br><\/h2>\n<h2><br><\/h2>\n\n\n\n\n\n\n\n\n\nLAS\nMEJOREs\nSOLUCIONES\n\n\n\n\n\nideas FRESCAS PARA TU NEGOCIO\n\n\n\n\n\n\n\n\n\n\n\n\n\n\n\nAlgunos de Nuestros Clientes\n\n<p><span style=\"color: rgb(30, 51, 3); font-size: 14px;\">Salon de Belleza Empresa Paraguaya.<\/span><\/p>\n<p><span style=\"color: rgb(30, 51, 3); font-size: 14px;\">Agencia de Viajes Paraguaya.<\/span><\/p>\n<p><span style=\"color: rgb(30, 51, 3); font-size: 14px;\">Sal\u00f3n de Belleza Empresa Paraguaya.<\/span><\/p>\n<p><span style=\"color: rgb(30, 51, 3); font-size: 14px;\">Empresa Argentina.<\/span><\/p>\n\n\n\n","protected":false},"excerpt":{"rendered":"","protected":false},"author":2,"featured_media":0,"parent":0,"menu_order":0,"comment_status":"closed","ping_status":"closed","template":"","meta":{"pagelayer_contact_templates":[],"_pagelayer_content":"","footnotes":""},"class_list":["post-56","page","type-page","status-publish","hentry"],"jetpack_sharing_enabled":true,"_links":{"self":[{"href":"https:\/\/dfamanecer.com.py\/dfsoluciones\/wp-json\/wp\/v2\/pages\/56","targetHints":{"allow":["GET"]}}],"collection":[{"href":"https:\/\/dfamanecer.com.py\/dfsoluciones\/wp-json\/wp\/v2\/pages"}],"about":[{"href":"https:\/\/dfamanecer.com.py\/dfsoluciones\/wp-json\/wp\/v2\/types\/page"}],"author":[{"embeddable":true,"href":"https:\/\/dfamanecer.com.py\/dfsoluciones\/wp-json\/wp\/v2\/users\/2"}],"replies":[{"embeddable":true,"href":"https:\/\/dfamanecer.com.py\/dfsoluciones\/wp-json\/wp\/v2\/comments?post=56"}],"version-history":[{"count":83,"href":"https:\/\/dfamanecer.com.py\/dfsoluciones\/wp-json\/wp\/v2\/pages\/56\/revisions"}],"predecessor-version":[{"id":280,"href":"https:\/\/dfamanecer.com.py\/dfsoluciones\/wp-json\/wp\/v2\/pages\/56\/revisions\/280"}],"wp:attachment":[{"href":"https:\/\/dfamanecer.com.py\/dfsoluciones\/wp-json\/wp\/v2\/media?parent=56"}],"curies":[{"name":"wp","href":"https:\/\/api.w.org\/{rel}","templated":true}]}}